{"id":473,"date":"2016-11-23T23:06:20","date_gmt":"2016-11-23T22:06:20","guid":{"rendered":"http:\/\/adequateproduction.fr\/en\/?page_id=473"},"modified":"2016-11-23T23:06:20","modified_gmt":"2016-11-23T22:06:20","slug":"mentions-legales","status":"publish","type":"page","link":"https:\/\/adequateproduction.fr\/en\/mentions-legales\/","title":{"rendered":"Mentions l\u00e9gales"},"content":{"rendered":"<h2>AD\u00c9QUATE PRODUCTION<\/h2>\n<div class=\"vc_row wpb_row vc_row-fluid\">\n<div class=\"vc_col-sm-8 wpb_column column_container\">\n<div class=\"wpb_wrapper\">\n<div class=\"wpb_text_column wpb_content_element \">\n<div class=\"wpb_wrapper\">\n<div id=\"post-3832\" class=\"post-3832 page type-page status-publish hentry\">\n<div class=\"post-content\">\n<p>Directeur de la publication : Marc Rousset<br \/>\nResponsable de la r\u00e9daction : Marc Rousset<br \/>\nSite cr\u00e9\u00e9 par Transfuges : Romuald Sintes, Matthieu Faure et Benoit Mislin.<br \/>\nH\u00e9bergeur : OVH<\/p>\n<p><img loading=\"lazy\" decoding=\"async\" class=\"alignnone size-full wp-image-182 aligncenter\" src=\"http:\/\/adequateproduction.fr\/wp-content\/uploads\/sites\/4\/2016\/06\/adequate-fleur-2-plus-petit.jpg\" alt=\"adequate-fleur-2-plus-petit\" width=\"136\" height=\"136\" \/><\/p>\n<h2>&gt; Contacts<\/h2>\n<p>Adresse : Cit\u00e9 des Associations, 93 La Canebi\u00e8re, BP 168, 13001 Marseille.<br \/>\nCorrespondance et bureaux : 37 cours Franklin Roosevelt, 13001 Marseille.<br \/>\n\u2013 Office : +33 (0)4 96 12 23 47<br \/>\n\u2013 Mail : <a href=\"mailto:contact@adequateproduction.org\">contact@adequateproduction.org<\/a><\/p>\n<h2>&gt; Acc\u00e8s au site<\/h2>\n<p>L\u2019acc\u00e8s \u00e0 l\u2019url http:\/\/adequateproduction.org est gratuit. Les frais d\u2019acc\u00e8s et d\u2019utilisation du r\u00e9seau de t\u00e9l\u00e9communication sont \u00e0 la charge de tout utilisateur du site, selon les modalit\u00e9s fix\u00e9es par ses fournisseurs d\u2019acc\u00e8s et op\u00e9rateurs de t\u00e9l\u00e9communication.<br \/>\nIl est rappel\u00e9 que le fait d\u2019acc\u00e9der ou de se maintenir frauduleusement dans un syst\u00e8me informatique, d\u2019entraver ou de fausser le fonctionnement d\u2019un tel syst\u00e8me, d\u2019introduire ou de modifier frauduleusement des donn\u00e9es dans un syst\u00e8me informatique constituent des d\u00e9lits passibles de sanctions p\u00e9nales.<\/p>\n<h2>&gt; Informations techniques<\/h2>\n<p>Il est rappel\u00e9 que le secret des correspondances n\u2019est pas garanti sur le r\u00e9seau Internet et qu\u2019il appartient \u00e0 chaque utilisateur d\u2019Internet de prendre toutes les mesures appropri\u00e9es de fa\u00e7on \u00e0 prot\u00e9ger ses propres donn\u00e9es et\/ou logiciels de la contamination d\u2019\u00e9ventuels virus circulant sur Internet.<\/p>\n<p>&nbsp;<\/p>\n<p><img loading=\"lazy\" decoding=\"async\" class=\"size-medium wp-image-177 aligncenter\" src=\"http:\/\/adequateproduction.fr\/wp-content\/uploads\/sites\/4\/2016\/06\/adequate-1-300x114.jpg\" alt=\"adequate-1\" width=\"300\" height=\"114\" srcset=\"https:\/\/adequateproduction.fr\/wp-content\/uploads\/sites\/4\/2016\/06\/adequate-1-300x114.jpg 300w, https:\/\/adequateproduction.fr\/wp-content\/uploads\/sites\/4\/2016\/06\/adequate-1-395x150.jpg 395w, https:\/\/adequateproduction.fr\/wp-content\/uploads\/sites\/4\/2016\/06\/adequate-1.jpg 427w\" sizes=\"(max-width: 300px) 100vw, 300px\" \/><\/p>\n<\/div>\n<\/div>\n<\/div>\n<\/div>\n<\/div>\n<\/div>\n<\/div>\n","protected":false},"excerpt":{"rendered":"<p>AD\u00c9QUATE PRODUCTION Directeur de la publication : Marc Rousset Responsable de la r\u00e9daction : Marc Rousset Site cr\u00e9\u00e9 par Transfuges : Romuald Sintes, Matthieu Faure et Benoit Mislin. H\u00e9bergeur : OVH &gt; Contacts Adresse : Cit\u00e9 des Associations, 93 La Canebi\u00e8re, BP 168, 13001 Marseille. Correspondance et bureaux : 37 cours Franklin Roosevelt, 13001 Marseille. [&hellip;]<\/p>\n","protected":false},"author":1,"featured_media":0,"parent":0,"menu_order":0,"comment_status":"closed","ping_status":"closed","template":"","meta":{"footnotes":""},"acf":[],"_links":{"self":[{"href":"https:\/\/adequateproduction.fr\/en\/wp-json\/wp\/v2\/pages\/473"}],"collection":[{"href":"https:\/\/adequateproduction.fr\/en\/wp-json\/wp\/v2\/pages"}],"about":[{"href":"https:\/\/adequateproduction.fr\/en\/wp-json\/wp\/v2\/types\/page"}],"author":[{"embeddable":true,"href":"https:\/\/adequateproduction.fr\/en\/wp-json\/wp\/v2\/users\/1"}],"replies":[{"embeddable":true,"href":"https:\/\/adequateproduction.fr\/en\/wp-json\/wp\/v2\/comments?post=473"}],"version-history":[{"count":1,"href":"https:\/\/adequateproduction.fr\/en\/wp-json\/wp\/v2\/pages\/473\/revisions"}],"predecessor-version":[{"id":479,"href":"https:\/\/adequateproduction.fr\/en\/wp-json\/wp\/v2\/pages\/473\/revisions\/479"}],"wp:attachment":[{"href":"https:\/\/adequateproduction.fr\/en\/wp-json\/wp\/v2\/media?parent=473"}],"curies":[{"name":"wp","href":"https:\/\/api.w.org\/{rel}","templated":true}]}}