{"id":476,"date":"2016-11-23T23:06:52","date_gmt":"2016-11-23T22:06:52","guid":{"rendered":"http:\/\/adequateproduction.fr\/en\/?page_id=476"},"modified":"2016-11-23T23:06:52","modified_gmt":"2016-11-23T22:06:52","slug":"qui-sommes-nous","status":"publish","type":"page","link":"http:\/\/adequateproduction.fr\/en\/qui-sommes-nous\/","title":{"rendered":"Qui sommes-nous ?"},"content":{"rendered":"<p><strong>AD\u00c9QUATE PRODUCTION<\/strong> : Production de spectacles, concerts, \u00e9v\u00e8nements culturels, tourn\u00e9es.<\/p>\n<p>Ad\u00e9quate Production est le d\u00e9partement de production de spectacles vivants de l&#8217;association Ad\u00e9quate <em>(association Loi 1901 \u00e0 but non lucratif).<\/em><\/p>\n<p>Implant\u00e9e \u00e0 Marseille depuis 2003, l&#8217;association Ad\u00e9quate g\u00e8re aussi le service <a href=\"http:\/\/www.artistes-assistance.com\" target=\"_blank\">Artistes Assistance<\/a>, qui est un centre de traitement de la paie des entreprises culturelles, et un p\u00f4le d&#8217;accompagnement, de conseils et de services aux entreprises culturelles, aux artistes et techniciens intermittents du spectacle et de l&#8217;audiovisuel, et aux porteurs de projets culturels.<\/p>\n<p>Adresse : Cit\u00e9 des Associations &#8211; 93 La Canebi\u00e8re &#8211; BP 168 &#8211; 13001 Marseille.<\/p>\n<p>Correspondance et bureaux : 37 cours Franklin Roosevelt &#8211; 13001 Marseille.<\/p>\n<p>Tel : +334 96 12 23 47.<\/p>\n<p>E-mail : <a href=\"mailto:contact@adequateproduction.org\">contact@adequateproduction.org<\/a><\/p>\n<p>Siret n\u00b0 448 777 243 00016<br \/>\nCode APE : 9001Z<\/p>\n<p>Licences d&#8217;entrepreneur de spectacles n\u00b02-1046807 et n\u00b03-1046808.<\/p>\n<p>Pr\u00e9sident : Pierre CUSSAC<\/p>\n<p>Tr\u00e9sorier : J\u00e9r\u00f4me DELAVAL<\/p>\n<p>Directeur : Marc ROUSSET<\/p>\n<p>&nbsp;<\/p>\n<p>L&#8217;association Ad\u00e9quate ne per\u00e7oit aucune subvention ; ses actions sont militantes et passionn\u00e9es.<\/p>\n<p>&nbsp;<\/p>\n<p><img loading=\"lazy\" decoding=\"async\" class=\"size-full wp-image-182 alignright\" src=\"http:\/\/adequateproduction.fr\/wp-content\/uploads\/sites\/4\/2016\/06\/adequate-fleur-2-plus-petit.jpg\" alt=\"adequate-fleur-2-plus-petit\" width=\"136\" height=\"136\" \/><\/p>\n","protected":false},"excerpt":{"rendered":"<p>AD\u00c9QUATE PRODUCTION : Production de spectacles, concerts, \u00e9v\u00e8nements culturels, tourn\u00e9es. Ad\u00e9quate Production est le d\u00e9partement de production de spectacles vivants de l&#8217;association Ad\u00e9quate (association Loi 1901 \u00e0 but non lucratif). Implant\u00e9e \u00e0 Marseille depuis 2003, l&#8217;association Ad\u00e9quate g\u00e8re aussi le service Artistes Assistance, qui est un centre de traitement de la paie des entreprises culturelles, [&hellip;]<\/p>\n","protected":false},"author":1,"featured_media":0,"parent":0,"menu_order":0,"comment_status":"closed","ping_status":"closed","template":"","meta":{"footnotes":""},"acf":[],"_links":{"self":[{"href":"http:\/\/adequateproduction.fr\/en\/wp-json\/wp\/v2\/pages\/476"}],"collection":[{"href":"http:\/\/adequateproduction.fr\/en\/wp-json\/wp\/v2\/pages"}],"about":[{"href":"http:\/\/adequateproduction.fr\/en\/wp-json\/wp\/v2\/types\/page"}],"author":[{"embeddable":true,"href":"http:\/\/adequateproduction.fr\/en\/wp-json\/wp\/v2\/users\/1"}],"replies":[{"embeddable":true,"href":"http:\/\/adequateproduction.fr\/en\/wp-json\/wp\/v2\/comments?post=476"}],"version-history":[{"count":1,"href":"http:\/\/adequateproduction.fr\/en\/wp-json\/wp\/v2\/pages\/476\/revisions"}],"predecessor-version":[{"id":482,"href":"http:\/\/adequateproduction.fr\/en\/wp-json\/wp\/v2\/pages\/476\/revisions\/482"}],"wp:attachment":[{"href":"http:\/\/adequateproduction.fr\/en\/wp-json\/wp\/v2\/media?parent=476"}],"curies":[{"name":"wp","href":"https:\/\/api.w.org\/{rel}","templated":true}]}}